{"id":128,"date":"2026-03-20T10:27:42","date_gmt":"2026-03-20T09:27:42","guid":{"rendered":"https:\/\/lisafehringer.studentsweb.at\/?page_id=128"},"modified":"2026-03-20T10:28:36","modified_gmt":"2026-03-20T09:28:36","slug":"impressum","status":"publish","type":"page","link":"https:\/\/lisafehringer.studentsweb.at\/?page_id=128","title":{"rendered":"Impressum"},"content":{"rendered":"\n<p>Informationen \u00fcber den Diensteanbieter.<\/p>\n\n\n\n<p><strong>Vereinsname:<\/strong>&nbsp;Leichtathletikclub LAC BMD Amateure Steyr<br><strong>Vereinssitz:<\/strong>&nbsp;Steyr<br><strong>Obmann\/Obfrau:<\/strong><br>Fritz Steinparz<br>Mayrgutstrasse 65<br>4451 Garsten<br>E-Mail: lisa.fehringer@hlwhaag.ac.at<br>Telefon: 0650 &#8211; 51672 12<br><strong>Obmann\/Obfrau Stellvertreter:<\/strong><br>Erwin Sekyra<br>Mayrgutstrasse 65<br>4451 Garsten<br>E-Mail: lisa.fehringer@hlwhaag.ac.at<br>Telefon: 0676 &#8211; 83130488<\/p>\n\n\n\n<p>Mayrgutstrasse 65,<br>4451 Garsten,<br>\u00d6sterreich<\/p>\n\n\n\n<p><strong>Tel.:<\/strong>&nbsp;+43 650-5167212<br><strong>E-Mail:<\/strong>&nbsp;<a href=\"mailto:lisa.fehringer@hlwhaag.ac.at\">lisa.fehringer@hlwhaag.ac.at<\/a><\/p>\n\n\n\n<p><strong>Vereinszweck<\/strong><br>Der Verein bezweckt die F\u00f6rderung von Leichtathleten.<\/p>\n\n\n\n<p><strong>Datenschutz Verantwortlicher<\/strong><br>Lisa Fehringer<br>Carl-Zeller-Ring, 3352 St. Peter in der Au,<br>\u00d6sterreich<br><strong>E-Mail:<\/strong>&nbsp;<a href=\"mailto:lisa.fehringer@hlwhaag.ac.at\">lisa.fehringer@hlwhaag.ac.at<\/a><br><strong>Tel.:<\/strong>&nbsp;0650 &#8211; 51672 12<br><strong>Impressum:<\/strong>&nbsp;<a href=\"https:\/\/www.testfirma.at\/impressum\/\" target=\"_blank\" rel=\"noreferrer noopener\">https:\/\/www.testfirma.at\/impressum\/<\/a><br><strong>Vertretungsberechtigter:<\/strong>&nbsp;Lisa Fehringer<\/p>\n\n\n\n<h2 class=\"wp-block-heading\" id=\"bildernachweis\">Bildernachweis<\/h2>\n\n\n\n<p>Die Bilder, Fotos und Grafiken auf dieser Webseite sind urheberrechtlich gesch\u00fctzt.<\/p>\n\n\n\n<p><strong>Die Bilderrechte liegen bei:<\/strong><br>flickr<\/p>\n\n\n\n<p>Alle Texte sind urheberrechtlich gesch\u00fctzt.<\/p>\n\n\n\n<p>Quelle: Erstellt mit dem&nbsp;<a href=\"https:\/\/www.adsimple.at\/impressum-generator\/\">Impressum Generator<\/a>&nbsp;von AdSimple<\/p>\n","protected":false},"excerpt":{"rendered":"<p>Informationen \u00fcber den Diensteanbieter. Vereinsname:&nbsp;Leichtathletikclub LAC BMD Amateure SteyrVereinssitz:&nbsp;SteyrObmann\/Obfrau:Fritz SteinparzMayrgutstrasse 654451 GarstenE-Mail: lisa.fehringer@hlwhaag.ac.atTelefon: 0650 &#8211; 51672 12Obmann\/Obfrau Stellvertreter:Erwin SekyraMayrgutstrasse 654451 GarstenE-Mail: lisa.fehringer@hlwhaag.ac.atTelefon: 0676 &#8211; 83130488 Mayrgutstrasse 65,4451 Garsten,\u00d6sterreich Tel.:&nbsp;+43 650-5167212E-Mail:&nbsp;lisa.fehringer@hlwhaag.ac.at VereinszweckDer Verein bezweckt die F\u00f6rderung von Leichtathleten. Datenschutz VerantwortlicherLisa FehringerCarl-Zeller-Ring, 3352 St. Peter in der Au,\u00d6sterreichE-Mail:&nbsp;lisa.fehringer@hlwhaag.ac.atTel.:&nbsp;0650 &#8211; 51672 12Impressum:&nbsp;https:\/\/www.testfirma.at\/impressum\/Vertretungsberechtigter:&nbsp;Lisa Fehringer Bildernachweis Die Bilder, Fotos und&#8230;<\/p>\n","protected":false},"author":1,"featured_media":0,"parent":0,"menu_order":0,"comment_status":"closed","ping_status":"closed","template":"","meta":{"_kad_post_transparent":"","_kad_post_title":"","_kad_post_layout":"","_kad_post_sidebar_id":"","_kad_post_content_style":"","_kad_post_vertical_padding":"","_kad_post_feature":"","_kad_post_feature_position":"","_kad_post_header":false,"_kad_post_footer":false,"_kad_post_classname":"","footnotes":""},"class_list":["post-128","page","type-page","status-publish","hentry"],"_links":{"self":[{"href":"https:\/\/lisafehringer.studentsweb.at\/index.php?rest_route=\/wp\/v2\/pages\/128","targetHints":{"allow":["GET"]}}],"collection":[{"href":"https:\/\/lisafehringer.studentsweb.at\/index.php?rest_route=\/wp\/v2\/pages"}],"about":[{"href":"https:\/\/lisafehringer.studentsweb.at\/index.php?rest_route=\/wp\/v2\/types\/page"}],"author":[{"embeddable":true,"href":"https:\/\/lisafehringer.studentsweb.at\/index.php?rest_route=\/wp\/v2\/users\/1"}],"replies":[{"embeddable":true,"href":"https:\/\/lisafehringer.studentsweb.at\/index.php?rest_route=%2Fwp%2Fv2%2Fcomments&post=128"}],"version-history":[{"count":3,"href":"https:\/\/lisafehringer.studentsweb.at\/index.php?rest_route=\/wp\/v2\/pages\/128\/revisions"}],"predecessor-version":[{"id":132,"href":"https:\/\/lisafehringer.studentsweb.at\/index.php?rest_route=\/wp\/v2\/pages\/128\/revisions\/132"}],"wp:attachment":[{"href":"https:\/\/lisafehringer.studentsweb.at\/index.php?rest_route=%2Fwp%2Fv2%2Fmedia&parent=128"}],"curies":[{"name":"wp","href":"https:\/\/api.w.org\/{rel}","templated":true}]}}